{"id":13814,"date":"2022-12-02T14:26:36","date_gmt":"2022-12-02T13:26:36","guid":{"rendered":"https:\/\/wo.lexa.si\/wo.lexa\/?page_id=13814"},"modified":"2025-07-13T11:31:57","modified_gmt":"2025-07-13T09:31:57","slug":"privacy-policy-and-cookies","status":"publish","type":"page","link":"https:\/\/lexa.si\/sl\/privacy-policy-and-cookies\/","title":{"rendered":"Zasebnost in pi\u0161kotki"},"content":{"rendered":"<div data-elementor-type=\"wp-page\" data-elementor-id=\"13814\" class=\"elementor elementor-13814\">\n\t\t\t\t\t\t<section class=\"elementor-section elementor-top-section elementor-element elementor-element-f0ecbfb elementor-section-boxed elementor-section-height-default elementor-section-height-default\" data-id=\"f0ecbfb\" data-element_type=\"section\" data-e-type=\"section\" id=\"Politika zasebnosti\">\n\t\t\t\t\t\t<div class=\"elementor-container elementor-column-gap-default\">\n\t\t\t\t\t<div class=\"elementor-column elementor-col-100 elementor-top-column elementor-element elementor-element-568ecb0\" data-id=\"568ecb0\" data-element_type=\"column\" data-e-type=\"column\">\n\t\t\t<div class=\"elementor-widget-wrap elementor-element-populated\">\n\t\t\t\t\t\t<div class=\"elementor-element elementor-element-76a3271 elementor-widget elementor-widget-text-editor\" data-id=\"76a3271\" data-element_type=\"widget\" data-e-type=\"widget\" data-widget_type=\"text-editor.default\">\n\t\t\t\t<div class=\"elementor-widget-container\">\n\t\t\t\t\t\t\t\t\t<h4>Splo\u0161no<\/h4>\n<p>Ena plus doo (v nadaljevanju Trgovec) obdeluje in varuje va\u0161e osebne podatke skladno z aktualno zakonodajo s podro\u010dja varovanja osebnih podatkov. Podjetje bo osebne podatke uporabilo izklju\u010dno za namene za katero so bili osebni podatki dani in jih v nobenem primeru ne bo razkrilo nepoobla\u0161\u010denim osebam. Va\u0161i podatki so lahko razkriti ostale le na poziv dr\u017eavnega organa ob podani zakonski podlagi.<\/p>\n<h4>Uporaba osebnih podatkov<\/h4>\n<p>Trgovec za potrebe opravljanja storitev, ki ponuja, zbira, vodi, obdeluje in shranjuje naslednje uporabni\u0161ke podatke:<\/p>\n<p>\u2013 ime in priimek;<\/p>\n<p>\u2013 naslove za dostavo;<\/p>\n<p>\u2013 podjetje oz. naziv pravne osebe (\u010de je uporabnik pravna oseba);<\/p>\n<p>\u2013 dav\u010dno \u0161tevilko pravne osebe (\u010de je uporabnik pravna oseba);<\/p>\n<p>\u2013 naslov elektronske po\u0161te (uporabni\u0161ko ime);<\/p>\n<p>\u2013 geslo v \u0161ifrirani obliki;<\/p>\n<p>\u2013 kontaktno telefonsko \u0161tevilko;<\/p>\n<p>\u2013 dr\u017eavo bivanja;<\/p>\n<p>\u2013 druge podatke, ki jih uporabnik prostovoljno vnese v obrazce v spletni trgovini;<\/p>\n<p>\u2013 druge podatke, ki jih uporabnik prostovoljno doda naknadno v svoj profil.<\/p>\n<p>Za pravilnost, popolnost in a\u017eurnost podatkov, ki jih vnesejo uporabniki, Trgovec ne odgovarja.<\/p>\n<h4>Hramba podatkov<\/h4>\n<p>Trgovec hrani va\u0161e podatke le toliko \u010dasa, kolikor je potrebno za namene, za katere se osebni podatki obdelujejo, razen \u010de je z zakonom dolo\u010den drug rok hrambe.<\/p>\n<p>Trgovec hrani podatke strank, ki so potrebni za izvedbo storitve do 10 let od izpolnitve pogodbe na pogodbeni podlagi. Trgovec obdeluje va\u0161e osebne podatke za namen neposrednega ogla\u0161evanja le na podlagi podane ugodnosti, do va\u0161e preklice. Trgovec lahko svojo dejavnost ogla\u0161uje, ter obve\u0161\u010da posameznike o novostih in ponudbah podjetja tudi na podlagi zakonitih upravi\u010denih interesov podjetja, ki tako kakovostno zagotavljajo storitev in ogla\u0161evanje.<\/p>\n<p>Trgovec hrani osebne podatke na izdanem ra\u010dunu skladno z zakonom deset let po poteku leta, na katerega se nana\u0161ajo ra\u010duni.<\/p>\n<p>Podatke, ki jih posredujete Trgovcu na podlagi privolitve lahko kadarkoli prekli\u010dete. Preklic ne vpliva na zakonitost obdelave osebnih podatkov na podlagi privolitve pred njenim preklicom.<\/p>\n<h4>Va\u0161e pravice<\/h4>\n<p>Ustava RS ter veljavni evropski in slovenski predpisi vam zagotavljajo vrsto pravic glede zasebnosti in varstva osebnih podatkov, med drugim \u0161e posebej:<\/p>\n<p>\u2013 pravica do obve\u0161\u010denosti o obdelavi va\u0161ih osebnih podatkov (besedilo, ki ga berete, je del izvajanja va\u0161e pravice);<\/p>\n<p>\u2013 pravica do dostopa do osebnih podatkov pomeni, da imate pravico od nas kot upravljavca dobiti potrditev, ali pa v zvezi z vami obdelujejo osebne podatke, kadar je temu tako dostop do osebnih podatkov in dodatnih informacij (nameni obdelav, vrste podatkov, uporabnikov). podatki, \u010das hranjenja, obstoj pravic in mo\u017enosti prito\u017ebe, viri podatkov, morebitno avtomatizirano odlo\u010danje ali posebno profiliranje);<\/p>\n<p>\u2013 pravica do popravka pomeni, da imate pravico dose\u010di, da kot upravljavec brez nepotrebnega odla\u0161anja popravimo neto\u010dne osebne podatke v zvezi z vami; ob uporabi namenov obdelave imate tudi pravico do dopolnitve nepopolnih osebnih podatkov, vklju\u010dno s predlo\u017eitvijo dopolnilnih izjav;<\/p>\n<p>\u2013 pravica do izbrisa, imenovana tudi \u00bbpravica do pozabe\u00ab, pomeni, da imate pravico dose\u010di, da kot upravljavec brez nepotrebnega odla\u0161anja izbri\u0161emo osebne podatke v zvezi z vami, \u010de so tako izpolnjeni predpisani pogoji (obdelava ni ve\u010d potrebna, preklica privolitve in neobstoj drugega). pravne podlage, utemeljen ugovor, nezakonita obdelava, izbris zahtevajo veljavni predpisi in podobno);<\/p>\n<p>\u2013 pravica do omejitve obdelave pomeni pravico, da dose\u017eete, da kot upravljavec omejimo obdelavo va\u0161ih podatkov, \u010de oporekate podatkovnosti, ali \u010de ste vlo\u017eili pogodbo, ali \u010de je obdelava nezakonita, ali \u010de obdelava ni ve\u010d potrebna za upravljavca, temve\u010d za uveljavljanje, izvajanje ali obrambo va\u0161ih podatkov. pravnih zahtevkov;<\/p>\n<p>\u2013 pravica do prenosljivosti pomeni pravico, da prejmete osebne podatke v zvezi z vami, ki ste jih posredovali kot upravljavca, v strukturirani, splo\u0161no uporabljeni v strojno berljivi obliki, in pravico, da te podatke posredujete drugemu upravljavcu, ne da vas pri tem kakorkoli ovirali (velja za podatke, ki jih obdelujemo avtomatizirano na podlagi privolitve ali pogodbenega razmerja);<\/p>\n<p>\u2013 pravica do pogodbe pomeni, da lahko proti nekaterim vrstam obdelav va\u0161ih osebnih podatkov (javni interesi, zakoniti interesi upravljavca, nameni tr\u017eenja) kadar koli ugovarjate in moramo dokazati legitimni interes za obdelavo ali prenehati z obdelavo (vedno v primeru tr\u017eenja);<\/p>\n<p>\u2013 pravice glede samodejne obdelave in profiliranja pomeni, da za vas ne velja odlo\u010ditev, ki temelji zgolj na avtomatizirani obdelavi, vklju\u010dno z profili, ki ima pravne ali podobne u\u010dinke v zvezi z oblikovanjem z vami, \u010de ni to nujno potrebno, predpisano ali \u010de v to ne privolite.<\/p>\n<p>\u2013 Pri uveljavljanju vseh va\u0161ih pravic ali pri pridobivanju dodatnih informacij ali raz\u010di\u0161\u010devanju dilem vam bomo z veseljem pomagali, preko e-po\u0161te: info@lexa.si<\/p>\n<h4>Uveljavljanje navedenih pravic in pravnih sredstev<\/h4>\n<p>Posameznik navedene pravice uveljavlja brezpla\u010dno pri Trgovcu. Trgovec lahko zaradi potrditve identitete posameznika zahteva njegove podatke. Trgovec mora o zahtevi posameznika odlo\u010diti brez nepotrebnega odla\u0161anja, najkasneje v enem mesecu po prejemu zahteve. Ta rok se lahko po potrebi podalj\u0161a za najve\u010d dva dodatna meseca ob upo\u0161tevanju vlo\u017eenosti v \u0161tevilu zahtev. O podalj\u0161anju mora Trgovec obvestiti posameznika, posameznik pa se lahko zoper podalj\u0161anje prito\u017ei. Pri o\u010ditno neutemeljenih ali pretiranih zahtevah posameznika, na katerega se podatki nana\u0161ajo, zlasti \u010de se zahteve pogosto ponavljajo, lahko podjetje s posebno obrazlo\u017eitvijo odkloni ukrepanje na podlagi zahteve.<\/p>\n<p>Posameznik, na katerega se nana\u0161ajo osebni podatki, lahko kadar koli pisno ali na drug dogovorjen na\u010din zahteva, da upravljavec trajno ali za\u010dasno prekine uporabo ali druga\u010de obdeluje njegove osebne podatke za namen neposrednega tr\u017eenja. Upravljavec v primeru iz prej\u0161njega postavka najpozneje v 15 dneh preneha obdelovati osebne podatke za namen neposrednega tr\u017eenja ter o tem v zadnjih petih dneh pisno ali na drug dogovorjen na\u010din obvesti posameznika, ki je vlo\u017eil to zahtevo.<\/p>\n<p>\u010ce posameznik po prejeti odlo\u010ditvi upravljavca meni, da osebni podatki, ki jih je prejel, niso osebni podatki, ki jih je zahteval, ali da niso prejeli vseh zahtevanih osebnih podatkov, lahko pred vlo\u017eitvijo prito\u017ebe pri Informacijskem poobla\u0161\u010dencu, pri upravljavcu vlo\u017ei obrazlo\u017eeno pogodbo v roku. petnajstih dni. Upravljavec se mora o pogodbi odlo\u010diti kot o novi zahtevi v petih delovnih dneh. \u010ce upravljavec ne odlo\u010di o zahtevi posameznika v roku, lahko posameznik pri informacijskem poobla\u0161\u010dencu vlo\u017ei prito\u017ebo zaradi molka.<\/p>\n<p>V postopku prito\u017ebe zoper odlo\u010ditev upravljavca odlo\u010danja informacijski poobla\u0161\u010denec po pravilih splo\u0161nega upravnega postopka. Informacijski poobla\u0161\u010denec v primerih, ki jih ni mogo\u010de re\u0161iti druga\u010de, o prito\u017ebi odlo\u010ditve z odlo\u010dbo. Zoper odlo\u010dbo ni dovoljena prito\u017eba, je pa dopusten upravni spor.<\/p>\n<h4>Pogodbena obdelava osebnih podatkov<\/h4>\n<p>Trgovec lahko posamezno opravi v zvezi z obdelavo osebnih podatkov s pogodbo zaupa obdelovalcu. Pogodba je pisna ali v enakovredni elektronski obliki in skladna z zahtevami Splo\u0161ne uredbe o varstvu osebnih podatkov, dolo\u010dbami zakona, ki ureja varstvo osebnih podatkov ter drugimi predpisi, ki urejajo varstvo osebnih podatkov.<\/p>\n<p>Pla\u010dila: Glede na na\u010din pla\u010dila posredujemo va\u0161e pla\u010dilne podatke tretjim osebam (npr. pri pla\u010dilu s kreditno kartico ponudnika va\u0161e kreditne kartice). Za obdelavo pla\u010dil uporabljamo storitve tretjih oseb Stripe in PayPal. Podatkov o va\u0161i pla\u010dilni kartici ne bomo hranili ali zbirali. Te podatke posredujemo neposredno na\u0161im tretjim osebam za obdelavo pla\u010dil, pri katerih uporaba va\u0161ih osebnih podatkov ureja njihovo politiko zasebnosti<\/p>\n<p>Stripe: Njihovo politi\u010dno zasebnost si lahko ogledate na:&nbsp;<a href=\"https:\/\/stripe.com\/us\/privacy\">https:\/\/stripe.com\/us\/privacy<\/a><\/p>\n<p>PayPal: Njihovo politiko zasebnosti si lahko ogledate na:&nbsp;<a href=\"http:\/\/www.paypal.com\/de\/webapps\/mpp\/ua\/privacy-full\">www.paypal.com\/de\/webapps\/mpp\/ua\/privacy-full<\/a><\/p>\n<p>Dostava: Za dobavo naro\u010denega blaga sodelujemo s Po\u0161to Slovenije: za dostavo naro\u010denega blaga ali za napoved dostave jim lahko prenesemo naslednje podatke: ime, naslov, po\u0161tni naslov, po potrebi tudi e-po\u0161tni naslov ter telefonsko \u0161tevilko.<\/p>\n<p>Po\u0161ta Slovenije: Njihovo politiko zasebnosti si lahko ogledate na:&nbsp;<a href=\"https:\/\/www.posta.si\/zakoni-in-splosni-pogoji\">https:\/\/www.posta.si\/zakoni-in-splosni-pogoji<\/a><\/p>\n<h4>Pi\u0161kotki<\/h4>\n<p>Pi\u0161kotke uporabljamo na razli\u010dnih straneh, da je obisk na\u0161e spletne strani bolj privla\u010den in je omogo\u010dena uporaba dolo\u010denih funkcij, pa tudi za statisti\u010dno bele\u017eenje uporabe na\u0161e spletne strani. Pi\u0161kotki tako majhne besedilne datoteke, ki jih va\u0161 brskalnik dejansko ustvari in se shranijo v va\u0161o kon\u010dno napravo (prenosni ra\u010dunalnik, tabli\u010dni ra\u010dunalnik, pametni telefon itd.), ko obi\u0161\u010dete na\u0161o spletno stran. Pi\u0161kotki ne po\u0161kodujejo va\u0161e kon\u010dne naprave, ne vsebujejo virusov, trojanskih konjev ali druge zlonamerne programske opreme. V pi\u0161kotku se shranijo informacije, ki so povezane z dolo\u010deno uporabljeno napravo. Vendar to ne pomeni, da s tem prepoznamo va\u0161o identiteto.<\/p>\n<p>Ve\u010dina pi\u0161kotkov, ki jih uporabljamo, se izbri\u0161e ob koncu seje brskalnika (tako imenovani za\u010dasni ali sejni pi\u0161kotki). Tako vam lahko npr. ponudimo prikaz nakupovalne ko\u0161arice na ve\u010d straneh, kjer lahko vidite, koliko izdelkov je trenutno v nakupovalni ko\u0161arici in kako visoka je va\u0161a trenutna vrednost nakupa. Ostali pi\u0161kotki ostanejo na va\u0161em ra\u010dunalniku in nam zahtevajo, da va\u0161 ra\u010dunalnik prepozna, ko naslednji\u010d obi\u0161\u010dete na\u0161o spletno stran (tako imenovani trajni ali medsejni pi\u0161kotki). Predvsem ti pi\u0161kotki slu\u017eijo temu, da je na\u0161a ponudba bolj uporabniku prijazna, u\u010dinkovitej\u0161a in varnej\u0161a. Zahvaljujo\u010d tem datotekam lahko na primer na strani prejmete informacije, ki ustrezajo va\u0161emu interesu.<\/p>\n<p>Seveda lahko svoj brskalnik nastavite tako, da v va\u0161i napravi ne shranjuje pi\u0161kotkov. Funkcija pomo\u010di v menijski vrstici ve\u010dine spletnih brskalnikov pojasnjuje, kako prepre\u010dite, da bi va\u0161 brskalnik sprejel nove pi\u0161kotke, kako va\u0161 brskalnik opozori, \u010de prejmete nov pi\u0161kotek ali kako pobri\u0161ete vse pi\u0161kotke, ki bi jih tako \u017ee prej prejeti in blokirali vse druge.<\/p>\n<p>Postopajte na naslednji na\u010din:<\/p>\n<p>V brskalniku Internet Explorer:<\/p>\n<ol>\n<li>V meniju \u00bbOrodja\u00ab izberite \u00bbInternetne mo\u017enosti\u00ab.<\/li>\n<li>Kliknite na zavihek \u00bbZasebnost\u00ab.<\/li>\n<li>Zdaj lahko nastavite varnostne nastavitve za internetno obmo\u010dje. Tu dolo\u010dite, ali in kateri pi\u0161kotki naj bodo sprejeti ali zavrnjeni.<\/li>\n<li>Z \u00bbV redu\u00ab potrdite svojo nastavitev.<\/li>\n<\/ol>\n<p>V brskalniku Firefox:<\/p>\n<ol>\n<li>V meniju \u00bbOrodja\u00ab izberite Nastavitve.<\/li>\n<li>Kliknite \u00bbZasebnost\u00ab.<\/li>\n<li>V spustnem meniju izberite vnos \u00bbustvari v skladu z nastavitvami po meri\u00ab.<\/li>\n<li>lahko dolo\u010dite, ali zdaj naj se pi\u0161kotki sprejemajo, kako dolgo jih \u017eelite hraniti ter dodate izjeme, s katerim na spletnem mestu \u017eelite vedno ali nikoli dovoliti uporabo pi\u0161kotkov.<\/li>\n<li>Potrdite nastavitev z \u00bbV redu\u00ab.<\/li>\n<\/ol>\n<p>V brskalniku Google Chrome:<\/p>\n<ol>\n<li>V rodni vrstici brskalnika kliknite meni Chrome.<\/li>\n<li>Zdaj izberite \u00bbNastavitve\u00ab.<\/li>\n<li>Kliknite \u00bbPrika\u017ei dodatne nastavitve\u00ab.<\/li>\n<li>V razdelku \u00bbZasebnost\u00ab kliknite \u00bbNastavitve vsebine\u00ab.<\/li>\n<li>V razdelku \u00bbPi\u0161kotki\u00ab lahko nastavite naslednje: brisanje pi\u0161kotkov, zasebno blokiranje pi\u0161kotkov, zasebno brisanje pi\u0161kotkov in podatkovnega spletnega mesta po izhodu iz brskalnika, dovolitev izpisa pi\u0161kotkov z dolo\u010denih spletnih mest ali domen<\/li>\n<\/ol>\t\t\t\t\t\t\t\t<\/div>\n\t\t\t\t<\/div>\n\t\t\t\t\t<\/div>\n\t\t<\/div>\n\t\t\t\t\t<\/div>\n\t\t<\/section>\n\t\t\t\t<\/div>","protected":false},"excerpt":{"rendered":"<p>Splo\u0161no Ena plus d.o.o. (v nadaljevanju Trgovec) obdeluje in varuje va\u0161e osebne podatke skladno z aktualno zakonodajo s podro\u010dja varovanja osebnih podatkov. Podjetje bo osebne podatke uporabilo izklju\u010dno za namene za katere so bili osebni podatki dani in jih v nobenem primeru ne bo razkrilo nepoobla\u0161\u010denim osebam. Va\u0161i podatki so lahko razkriti ostalim le na [&hellip;]<\/p>\n","protected":false},"author":1,"featured_media":0,"parent":0,"menu_order":0,"comment_status":"closed","ping_status":"closed","template":"","meta":{"footnotes":""},"class_list":["post-13814","page","type-page","status-publish","hentry"],"yoast_head":"<!-- This site is optimized with the Yoast SEO plugin v26.9 - https:\/\/yoast.com\/product\/yoast-seo-wordpress\/ -->\n<title>Privacy Policy and cookies - LEXA<\/title>\n<meta name=\"robots\" content=\"index, follow, max-snippet:-1, max-image-preview:large, max-video-preview:-1\" \/>\n<link rel=\"canonical\" href=\"https:\/\/lexa.si\/sl\/privacy-policy-and-cookies\/\" \/>\n<meta property=\"og:locale\" content=\"sl_SI\" \/>\n<meta property=\"og:type\" content=\"article\" \/>\n<meta property=\"og:title\" content=\"Privacy Policy and cookies - LEXA\" \/>\n<meta property=\"og:description\" content=\"Splo\u0161no Ena plus d.o.o. (v nadaljevanju Trgovec) obdeluje in varuje va\u0161e osebne podatke skladno z aktualno zakonodajo s podro\u010dja varovanja osebnih podatkov. Podjetje bo osebne podatke uporabilo izklju\u010dno za namene za katere so bili osebni podatki dani in jih v nobenem primeru ne bo razkrilo nepoobla\u0161\u010denim osebam. Va\u0161i podatki so lahko razkriti ostalim le na [&hellip;]\" \/>\n<meta property=\"og:url\" content=\"https:\/\/lexa.si\/sl\/privacy-policy-and-cookies\/\" \/>\n<meta property=\"og:site_name\" content=\"LEXA\" \/>\n<meta property=\"article:publisher\" content=\"https:\/\/www.facebook.com\/LEXA1PLUS\" \/>\n<meta property=\"article:modified_time\" content=\"2025-07-13T09:31:57+00:00\" \/>\n<meta name=\"twitter:card\" content=\"summary_large_image\" \/>\n<meta name=\"twitter:label1\" content=\"Est. reading time\" \/>\n\t<meta name=\"twitter:data1\" content=\"9 minut\" \/>\n<script type=\"application\/ld+json\" class=\"yoast-schema-graph\">{\"@context\":\"https:\/\/schema.org\",\"@graph\":[{\"@type\":\"WebPage\",\"@id\":\"https:\/\/lexa.si\/privacy-policy-and-cookies\/\",\"url\":\"https:\/\/lexa.si\/privacy-policy-and-cookies\/\",\"name\":\"Privacy Policy and cookies - LEXA\",\"isPartOf\":{\"@id\":\"https:\/\/lexa.si\/sl\/#website\"},\"datePublished\":\"2022-12-02T13:26:36+00:00\",\"dateModified\":\"2025-07-13T09:31:57+00:00\",\"breadcrumb\":{\"@id\":\"https:\/\/lexa.si\/privacy-policy-and-cookies\/#breadcrumb\"},\"inLanguage\":\"sl-SI\",\"potentialAction\":[{\"@type\":\"ReadAction\",\"target\":[\"https:\/\/lexa.si\/privacy-policy-and-cookies\/\"]}]},{\"@type\":\"BreadcrumbList\",\"@id\":\"https:\/\/lexa.si\/privacy-policy-and-cookies\/#breadcrumb\",\"itemListElement\":[{\"@type\":\"ListItem\",\"position\":1,\"name\":\"Home\",\"item\":\"https:\/\/lexa.si\/sl\/\"},{\"@type\":\"ListItem\",\"position\":2,\"name\":\"Privacy Policy and cookies\"}]},{\"@type\":\"WebSite\",\"@id\":\"https:\/\/lexa.si\/sl\/#website\",\"url\":\"https:\/\/lexa.si\/sl\/\",\"name\":\"LEXA\",\"description\":\"Pajkice za vse prilo\u017enosti\",\"publisher\":{\"@id\":\"https:\/\/lexa.si\/sl\/#organization\"},\"potentialAction\":[{\"@type\":\"SearchAction\",\"target\":{\"@type\":\"EntryPoint\",\"urlTemplate\":\"https:\/\/lexa.si\/sl\/?s={search_term_string}\"},\"query-input\":{\"@type\":\"PropertyValueSpecification\",\"valueRequired\":true,\"valueName\":\"search_term_string\"}}],\"inLanguage\":\"sl-SI\"},{\"@type\":\"Organization\",\"@id\":\"https:\/\/lexa.si\/sl\/#organization\",\"name\":\"LEXA\",\"url\":\"https:\/\/lexa.si\/sl\/\",\"logo\":{\"@type\":\"ImageObject\",\"inLanguage\":\"sl-SI\",\"@id\":\"https:\/\/lexa.si\/sl\/#\/schema\/logo\/image\/\",\"url\":\"https:\/\/lexa.si\/wp-content\/uploads\/2022\/11\/LEXA-LOGO-2-scaled.png\",\"contentUrl\":\"https:\/\/lexa.si\/wp-content\/uploads\/2022\/11\/LEXA-LOGO-2-scaled.png\",\"width\":7964,\"height\":2926,\"caption\":\"LEXA\"},\"image\":{\"@id\":\"https:\/\/lexa.si\/sl\/#\/schema\/logo\/image\/\"},\"sameAs\":[\"https:\/\/www.facebook.com\/LEXA1PLUS\",\"https:\/\/www.instagram.com\/lexa1plus\/\",\"https:\/\/www.tiktok.com\/@lexa1plus\"]}]}<\/script>\n<!-- \/ Yoast SEO plugin. -->","yoast_head_json":{"title":"Privacy Policy and cookies - LEXA","robots":{"index":"index","follow":"follow","max-snippet":"max-snippet:-1","max-image-preview":"max-image-preview:large","max-video-preview":"max-video-preview:-1"},"canonical":"https:\/\/lexa.si\/sl\/privacy-policy-and-cookies\/","og_locale":"sl_SI","og_type":"article","og_title":"Privacy Policy and cookies - LEXA","og_description":"Splo\u0161no Ena plus d.o.o. (v nadaljevanju Trgovec) obdeluje in varuje va\u0161e osebne podatke skladno z aktualno zakonodajo s podro\u010dja varovanja osebnih podatkov. Podjetje bo osebne podatke uporabilo izklju\u010dno za namene za katere so bili osebni podatki dani in jih v nobenem primeru ne bo razkrilo nepoobla\u0161\u010denim osebam. Va\u0161i podatki so lahko razkriti ostalim le na [&hellip;]","og_url":"https:\/\/lexa.si\/sl\/privacy-policy-and-cookies\/","og_site_name":"LEXA","article_publisher":"https:\/\/www.facebook.com\/LEXA1PLUS","article_modified_time":"2025-07-13T09:31:57+00:00","twitter_card":"summary_large_image","twitter_misc":{"Est. reading time":"9 minut"},"schema":{"@context":"https:\/\/schema.org","@graph":[{"@type":"WebPage","@id":"https:\/\/lexa.si\/privacy-policy-and-cookies\/","url":"https:\/\/lexa.si\/privacy-policy-and-cookies\/","name":"Privacy Policy and cookies - LEXA","isPartOf":{"@id":"https:\/\/lexa.si\/sl\/#website"},"datePublished":"2022-12-02T13:26:36+00:00","dateModified":"2025-07-13T09:31:57+00:00","breadcrumb":{"@id":"https:\/\/lexa.si\/privacy-policy-and-cookies\/#breadcrumb"},"inLanguage":"sl-SI","potentialAction":[{"@type":"ReadAction","target":["https:\/\/lexa.si\/privacy-policy-and-cookies\/"]}]},{"@type":"BreadcrumbList","@id":"https:\/\/lexa.si\/privacy-policy-and-cookies\/#breadcrumb","itemListElement":[{"@type":"ListItem","position":1,"name":"Home","item":"https:\/\/lexa.si\/sl\/"},{"@type":"ListItem","position":2,"name":"Privacy Policy and cookies"}]},{"@type":"WebSite","@id":"https:\/\/lexa.si\/sl\/#website","url":"https:\/\/lexa.si\/sl\/","name":"LEXA","description":"Pajkice za vse prilo\u017enosti","publisher":{"@id":"https:\/\/lexa.si\/sl\/#organization"},"potentialAction":[{"@type":"SearchAction","target":{"@type":"EntryPoint","urlTemplate":"https:\/\/lexa.si\/sl\/?s={search_term_string}"},"query-input":{"@type":"PropertyValueSpecification","valueRequired":true,"valueName":"search_term_string"}}],"inLanguage":"sl-SI"},{"@type":"Organization","@id":"https:\/\/lexa.si\/sl\/#organization","name":"LEXA","url":"https:\/\/lexa.si\/sl\/","logo":{"@type":"ImageObject","inLanguage":"sl-SI","@id":"https:\/\/lexa.si\/sl\/#\/schema\/logo\/image\/","url":"https:\/\/lexa.si\/wp-content\/uploads\/2022\/11\/LEXA-LOGO-2-scaled.png","contentUrl":"https:\/\/lexa.si\/wp-content\/uploads\/2022\/11\/LEXA-LOGO-2-scaled.png","width":7964,"height":2926,"caption":"LEXA"},"image":{"@id":"https:\/\/lexa.si\/sl\/#\/schema\/logo\/image\/"},"sameAs":["https:\/\/www.facebook.com\/LEXA1PLUS","https:\/\/www.instagram.com\/lexa1plus\/","https:\/\/www.tiktok.com\/@lexa1plus"]}]}},"jetpack_sharing_enabled":true,"_links":{"self":[{"href":"https:\/\/lexa.si\/sl\/wp-json\/wp\/v2\/pages\/13814","targetHints":{"allow":["GET"]}}],"collection":[{"href":"https:\/\/lexa.si\/sl\/wp-json\/wp\/v2\/pages"}],"about":[{"href":"https:\/\/lexa.si\/sl\/wp-json\/wp\/v2\/types\/page"}],"author":[{"embeddable":true,"href":"https:\/\/lexa.si\/sl\/wp-json\/wp\/v2\/users\/1"}],"replies":[{"embeddable":true,"href":"https:\/\/lexa.si\/sl\/wp-json\/wp\/v2\/comments?post=13814"}],"version-history":[{"count":10,"href":"https:\/\/lexa.si\/sl\/wp-json\/wp\/v2\/pages\/13814\/revisions"}],"predecessor-version":[{"id":15934,"href":"https:\/\/lexa.si\/sl\/wp-json\/wp\/v2\/pages\/13814\/revisions\/15934"}],"wp:attachment":[{"href":"https:\/\/lexa.si\/sl\/wp-json\/wp\/v2\/media?parent=13814"}],"curies":[{"name":"delovni list","href":"https:\/\/api.w.org\/{rel}","templated":true}]}}