{"id":12960,"date":"2022-11-21T18:06:34","date_gmt":"2022-11-21T17:06:34","guid":{"rendered":"https:\/\/wo.lexa.si\/wo.lexa\/?post_type=product&#038;p=12960"},"modified":"2023-06-23T22:28:19","modified_gmt":"2023-06-23T20:28:19","slug":"gym-sets-2-nebesko-modra","status":"publish","type":"product","link":"https:\/\/lexa.si\/sl\/izdelek\/gym-sets-2-nebesko-modra\/","title":{"rendered":"GYM SET 2 Nebe\u0161ko modra"},"content":{"rendered":"<ul>\n<li>Modno<\/li>\n<li>Brez\u0161ivne<\/li>\n<li>Oblikuje postavo<\/li>\n<li>Kompresijske<\/li>\n<li>U\u010dinek dviga zadnjice<\/li>\n<li>Visok pas, ki se ne viha<\/li>\n<li>Hitro su\u0161e\u010de<\/li>\n<li>Obstojno<\/li>\n<li>Anti stati\u010dno<\/li>\n<li>Tkanina, ki se ne segreva in ne odziva na potenje \u010dlove\u0161kega telesa<\/li>\n<\/ul>","protected":false},"excerpt":{"rendered":"<p>2 delni \u0161portni komplet \u2013 pajkice in jopa<\/p>","protected":false},"featured_media":13416,"comment_status":"open","ping_status":"closed","template":"","meta":[],"product_brand":[],"product_cat":[131,137,134,132,136,139,85,133],"product_tag":[95,141],"class_list":{"0":"post-12960","1":"product","2":"type-product","3":"status-publish","4":"has-post-thumbnail","6":"product_cat-pajkice","7":"product_cat-kompresijske-pajkice","8":"product_cat-pajkice-za-fitnes","9":"product_cat-sportne-pajkice","10":"product_cat-poceni-pajkice","11":"product_cat-sportni-kompleti","12":"product_cat-zenski-sportni-komplet-za-fitnes-gym-sets-2","13":"product_cat-zenske-pajkice","14":"product_tag-pajkice","15":"product_tag-zenski-sportni-kompleti","17":"first","18":"instock","19":"sale","20":"taxable","21":"shipping-taxable","22":"purchasable","23":"product-type-variable","24":"has-default-attributes"},"yoast_head":"<!-- This site is optimized with the Yoast SEO plugin v26.9 - https:\/\/yoast.com\/product\/yoast-seo-wordpress\/ -->\n<title>\u017denski \u0161portni komplet - dvodelni - barva nebe\u0161ko modra<\/title>\n<meta name=\"description\" content=\"2 delni \u0161portni komplet \u2013 pajkice in jopa Modno; Brez\u0161ivne; Oblikuje postavo; Kompresijske; U\u010dinek dviga zadnjice; Visok pas, ki se ne viha;\" \/>\n<meta name=\"robots\" content=\"index, follow, max-snippet:-1, max-image-preview:large, max-video-preview:-1\" \/>\n<link rel=\"canonical\" href=\"https:\/\/lexa.si\/sl\/izdelek\/gym-sets-2-nebesko-modra\/\" \/>\n<meta property=\"og:locale\" content=\"sl_SI\" \/>\n<meta property=\"og:type\" content=\"article\" \/>\n<meta property=\"og:title\" content=\"\u017denski \u0161portni komplet - dvodelni - barva nebe\u0161ko modra\" \/>\n<meta property=\"og:description\" content=\"2 delni \u0161portni komplet \u2013 pajkice in jopa Modno; Brez\u0161ivne; Oblikuje postavo; Kompresijske; U\u010dinek dviga zadnjice; Visok pas, ki se ne viha;\" \/>\n<meta property=\"og:url\" content=\"https:\/\/lexa.si\/sl\/izdelek\/gym-sets-2-nebesko-modra\/\" \/>\n<meta property=\"og:site_name\" content=\"LEXA\" \/>\n<meta property=\"article:publisher\" content=\"https:\/\/www.facebook.com\/LEXA1PLUS\" \/>\n<meta property=\"article:modified_time\" content=\"2023-06-23T20:28:19+00:00\" \/>\n<meta property=\"og:image\" content=\"https:\/\/lexa.si\/wp-content\/uploads\/2022\/11\/svetlo_modra_1_1_1.jpg\" \/>\n\t<meta property=\"og:image:width\" content=\"800\" \/>\n\t<meta property=\"og:image:height\" content=\"800\" \/>\n\t<meta property=\"og:image:type\" content=\"image\/jpeg\" \/>\n<meta name=\"twitter:card\" content=\"summary_large_image\" \/>\n<meta name=\"twitter:label1\" content=\"Est. reading time\" \/>\n\t<meta name=\"twitter:data1\" content=\"1 minuta\" \/>\n<script type=\"application\/ld+json\" class=\"yoast-schema-graph\">{\"@context\":\"https:\/\/schema.org\",\"@graph\":[{\"@type\":[\"WebPage\",\"ItemPage\"],\"@id\":\"https:\/\/lexa.si\/izdelek\/gym-sets-2-nebesko-modra\/\",\"url\":\"https:\/\/lexa.si\/izdelek\/gym-sets-2-nebesko-modra\/\",\"name\":\"\u017denski \u0161portni komplet - dvodelni - barva nebe\u0161ko modra\",\"isPartOf\":{\"@id\":\"https:\/\/lexa.si\/sl\/#website\"},\"primaryImageOfPage\":{\"@id\":\"https:\/\/lexa.si\/izdelek\/gym-sets-2-nebesko-modra\/#primaryimage\"},\"image\":{\"@id\":\"https:\/\/lexa.si\/izdelek\/gym-sets-2-nebesko-modra\/#primaryimage\"},\"thumbnailUrl\":\"https:\/\/lexa.si\/wp-content\/uploads\/2022\/11\/svetlo_modra_1_1_1.jpg\",\"datePublished\":\"2022-11-21T17:06:34+00:00\",\"dateModified\":\"2023-06-23T20:28:19+00:00\",\"description\":\"2 delni \u0161portni komplet \u2013 pajkice in jopa Modno; Brez\u0161ivne; Oblikuje postavo; Kompresijske; U\u010dinek dviga zadnjice; Visok pas, ki se ne viha;\",\"breadcrumb\":{\"@id\":\"https:\/\/lexa.si\/izdelek\/gym-sets-2-nebesko-modra\/#breadcrumb\"},\"inLanguage\":\"sl-SI\",\"potentialAction\":[{\"@type\":\"ReadAction\",\"target\":[\"https:\/\/lexa.si\/izdelek\/gym-sets-2-nebesko-modra\/\"]}]},{\"@type\":\"ImageObject\",\"inLanguage\":\"sl-SI\",\"@id\":\"https:\/\/lexa.si\/izdelek\/gym-sets-2-nebesko-modra\/#primaryimage\",\"url\":\"https:\/\/lexa.si\/wp-content\/uploads\/2022\/11\/svetlo_modra_1_1_1.jpg\",\"contentUrl\":\"https:\/\/lexa.si\/wp-content\/uploads\/2022\/11\/svetlo_modra_1_1_1.jpg\",\"width\":800,\"height\":800,\"caption\":\"\u0161portni komplet - gym set\"},{\"@type\":\"BreadcrumbList\",\"@id\":\"https:\/\/lexa.si\/izdelek\/gym-sets-2-nebesko-modra\/#breadcrumb\",\"itemListElement\":[{\"@type\":\"ListItem\",\"position\":1,\"name\":\"Home\",\"item\":\"https:\/\/lexa.si\/sl\/\"},{\"@type\":\"ListItem\",\"position\":2,\"name\":\"Shop\",\"item\":\"https:\/\/lexa.si\/shop\/\"},{\"@type\":\"ListItem\",\"position\":3,\"name\":\"GYM SET 2 Nebe\u0161ko modra\"}]},{\"@type\":\"WebSite\",\"@id\":\"https:\/\/lexa.si\/sl\/#website\",\"url\":\"https:\/\/lexa.si\/sl\/\",\"name\":\"LEXA\",\"description\":\"Pajkice za vse prilo\u017enosti\",\"publisher\":{\"@id\":\"https:\/\/lexa.si\/sl\/#organization\"},\"potentialAction\":[{\"@type\":\"SearchAction\",\"target\":{\"@type\":\"EntryPoint\",\"urlTemplate\":\"https:\/\/lexa.si\/sl\/?s={search_term_string}\"},\"query-input\":{\"@type\":\"PropertyValueSpecification\",\"valueRequired\":true,\"valueName\":\"search_term_string\"}}],\"inLanguage\":\"sl-SI\"},{\"@type\":\"Organization\",\"@id\":\"https:\/\/lexa.si\/sl\/#organization\",\"name\":\"LEXA\",\"url\":\"https:\/\/lexa.si\/sl\/\",\"logo\":{\"@type\":\"ImageObject\",\"inLanguage\":\"sl-SI\",\"@id\":\"https:\/\/lexa.si\/sl\/#\/schema\/logo\/image\/\",\"url\":\"https:\/\/lexa.si\/wp-content\/uploads\/2022\/11\/LEXA-LOGO-2-scaled.png\",\"contentUrl\":\"https:\/\/lexa.si\/wp-content\/uploads\/2022\/11\/LEXA-LOGO-2-scaled.png\",\"width\":7964,\"height\":2926,\"caption\":\"LEXA\"},\"image\":{\"@id\":\"https:\/\/lexa.si\/sl\/#\/schema\/logo\/image\/\"},\"sameAs\":[\"https:\/\/www.facebook.com\/LEXA1PLUS\",\"https:\/\/www.instagram.com\/lexa1plus\/\",\"https:\/\/www.tiktok.com\/@lexa1plus\"]}]}<\/script>\n<!-- \/ Yoast SEO plugin. -->","yoast_head_json":{"title":"\u017denski \u0161portni komplet - dvodelni - barva nebe\u0161ko modra","description":"2 delni \u0161portni komplet \u2013 pajkice in jopa Modno; Brez\u0161ivne; Oblikuje postavo; Kompresijske; U\u010dinek dviga zadnjice; Visok pas, ki se ne viha;","robots":{"index":"index","follow":"follow","max-snippet":"max-snippet:-1","max-image-preview":"max-image-preview:large","max-video-preview":"max-video-preview:-1"},"canonical":"https:\/\/lexa.si\/sl\/izdelek\/gym-sets-2-nebesko-modra\/","og_locale":"sl_SI","og_type":"article","og_title":"\u017denski \u0161portni komplet - dvodelni - barva nebe\u0161ko modra","og_description":"2 delni \u0161portni komplet \u2013 pajkice in jopa Modno; Brez\u0161ivne; Oblikuje postavo; Kompresijske; U\u010dinek dviga zadnjice; Visok pas, ki se ne viha;","og_url":"https:\/\/lexa.si\/sl\/izdelek\/gym-sets-2-nebesko-modra\/","og_site_name":"LEXA","article_publisher":"https:\/\/www.facebook.com\/LEXA1PLUS","article_modified_time":"2023-06-23T20:28:19+00:00","og_image":[{"width":800,"height":800,"url":"https:\/\/lexa.si\/wp-content\/uploads\/2022\/11\/svetlo_modra_1_1_1.jpg","type":"image\/jpeg"}],"twitter_card":"summary_large_image","twitter_misc":{"Est. reading time":"1 minuta"},"schema":{"@context":"https:\/\/schema.org","@graph":[{"@type":["WebPage","ItemPage"],"@id":"https:\/\/lexa.si\/izdelek\/gym-sets-2-nebesko-modra\/","url":"https:\/\/lexa.si\/izdelek\/gym-sets-2-nebesko-modra\/","name":"\u017denski \u0161portni komplet - dvodelni - barva nebe\u0161ko modra","isPartOf":{"@id":"https:\/\/lexa.si\/sl\/#website"},"primaryImageOfPage":{"@id":"https:\/\/lexa.si\/izdelek\/gym-sets-2-nebesko-modra\/#primaryimage"},"image":{"@id":"https:\/\/lexa.si\/izdelek\/gym-sets-2-nebesko-modra\/#primaryimage"},"thumbnailUrl":"https:\/\/lexa.si\/wp-content\/uploads\/2022\/11\/svetlo_modra_1_1_1.jpg","datePublished":"2022-11-21T17:06:34+00:00","dateModified":"2023-06-23T20:28:19+00:00","description":"2 delni \u0161portni komplet \u2013 pajkice in jopa Modno; Brez\u0161ivne; Oblikuje postavo; Kompresijske; U\u010dinek dviga zadnjice; Visok pas, ki se ne viha;","breadcrumb":{"@id":"https:\/\/lexa.si\/izdelek\/gym-sets-2-nebesko-modra\/#breadcrumb"},"inLanguage":"sl-SI","potentialAction":[{"@type":"ReadAction","target":["https:\/\/lexa.si\/izdelek\/gym-sets-2-nebesko-modra\/"]}]},{"@type":"ImageObject","inLanguage":"sl-SI","@id":"https:\/\/lexa.si\/izdelek\/gym-sets-2-nebesko-modra\/#primaryimage","url":"https:\/\/lexa.si\/wp-content\/uploads\/2022\/11\/svetlo_modra_1_1_1.jpg","contentUrl":"https:\/\/lexa.si\/wp-content\/uploads\/2022\/11\/svetlo_modra_1_1_1.jpg","width":800,"height":800,"caption":"\u0161portni komplet - gym set"},{"@type":"BreadcrumbList","@id":"https:\/\/lexa.si\/izdelek\/gym-sets-2-nebesko-modra\/#breadcrumb","itemListElement":[{"@type":"ListItem","position":1,"name":"Home","item":"https:\/\/lexa.si\/sl\/"},{"@type":"ListItem","position":2,"name":"Shop","item":"https:\/\/lexa.si\/shop\/"},{"@type":"ListItem","position":3,"name":"GYM SET 2 Nebe\u0161ko modra"}]},{"@type":"WebSite","@id":"https:\/\/lexa.si\/sl\/#website","url":"https:\/\/lexa.si\/sl\/","name":"LEXA","description":"Pajkice za vse prilo\u017enosti","publisher":{"@id":"https:\/\/lexa.si\/sl\/#organization"},"potentialAction":[{"@type":"SearchAction","target":{"@type":"EntryPoint","urlTemplate":"https:\/\/lexa.si\/sl\/?s={search_term_string}"},"query-input":{"@type":"PropertyValueSpecification","valueRequired":true,"valueName":"search_term_string"}}],"inLanguage":"sl-SI"},{"@type":"Organization","@id":"https:\/\/lexa.si\/sl\/#organization","name":"LEXA","url":"https:\/\/lexa.si\/sl\/","logo":{"@type":"ImageObject","inLanguage":"sl-SI","@id":"https:\/\/lexa.si\/sl\/#\/schema\/logo\/image\/","url":"https:\/\/lexa.si\/wp-content\/uploads\/2022\/11\/LEXA-LOGO-2-scaled.png","contentUrl":"https:\/\/lexa.si\/wp-content\/uploads\/2022\/11\/LEXA-LOGO-2-scaled.png","width":7964,"height":2926,"caption":"LEXA"},"image":{"@id":"https:\/\/lexa.si\/sl\/#\/schema\/logo\/image\/"},"sameAs":["https:\/\/www.facebook.com\/LEXA1PLUS","https:\/\/www.instagram.com\/lexa1plus\/","https:\/\/www.tiktok.com\/@lexa1plus"]}]}},"jetpack_sharing_enabled":true,"_links":{"self":[{"href":"https:\/\/lexa.si\/sl\/wp-json\/wp\/v2\/product\/12960","targetHints":{"allow":["GET"]}}],"collection":[{"href":"https:\/\/lexa.si\/sl\/wp-json\/wp\/v2\/product"}],"about":[{"href":"https:\/\/lexa.si\/sl\/wp-json\/wp\/v2\/types\/product"}],"replies":[{"embeddable":true,"href":"https:\/\/lexa.si\/sl\/wp-json\/wp\/v2\/comments?post=12960"}],"version-history":[{"count":1,"href":"https:\/\/lexa.si\/sl\/wp-json\/wp\/v2\/product\/12960\/revisions"}],"predecessor-version":[{"id":15173,"href":"https:\/\/lexa.si\/sl\/wp-json\/wp\/v2\/product\/12960\/revisions\/15173"}],"wp:featuredmedia":[{"embeddable":true,"href":"https:\/\/lexa.si\/sl\/wp-json\/wp\/v2\/media\/13416"}],"wp:attachment":[{"href":"https:\/\/lexa.si\/sl\/wp-json\/wp\/v2\/media?parent=12960"}],"wp:term":[{"taxonomy":"product_brand","embeddable":true,"href":"https:\/\/lexa.si\/sl\/wp-json\/wp\/v2\/product_brand?post=12960"},{"taxonomy":"product_cat","embeddable":true,"href":"https:\/\/lexa.si\/sl\/wp-json\/wp\/v2\/product_cat?post=12960"},{"taxonomy":"product_tag","embeddable":true,"href":"https:\/\/lexa.si\/sl\/wp-json\/wp\/v2\/product_tag?post=12960"}],"curies":[{"name":"delovni list","href":"https:\/\/api.w.org\/{rel}","templated":true}]}}