{"id":12990,"date":"2022-11-21T18:06:38","date_gmt":"2022-11-21T17:06:38","guid":{"rendered":"https:\/\/wo.lexa.si\/wo.lexa\/?post_type=product&#038;p=12990"},"modified":"2026-03-29T14:24:56","modified_gmt":"2026-03-29T12:24:56","slug":"zenske-pajkice-leggings-milk-silk-crna","status":"publish","type":"product","link":"https:\/\/lexa.si\/sl\/izdelek\/zenske-pajkice-leggings-milk-silk-crna\/","title":{"rendered":"Pajkice MILK SILK \u010crna"},"content":{"rendered":"<ul>\n<li>Pajkice primerne za vse prilo\u017enosti<\/li>\n<li>Izjemna udobnost in mehkoba<\/li>\n<li>Zelo elasti\u010dne<\/li>\n<li>Neprosojna tkanina<\/li>\n<li>Raztezanje v 4 smeri<\/li>\n<li>Antibakterijske<\/li>\n<li>Visok ergonomski pas, primeren tudi za nose\u010dnice<\/li>\n<\/ul>","protected":false},"excerpt":{"rendered":"<p>Udobne pajkice<\/p>","protected":false},"featured_media":15035,"comment_status":"open","ping_status":"closed","template":"","meta":[],"product_brand":[],"product_cat":[131,135,86,136,133],"product_tag":[95],"class_list":{"0":"post-12990","1":"product","2":"type-product","3":"status-publish","4":"has-post-thumbnail","6":"product_cat-pajkice","7":"product_cat-crne-pajkice","8":"product_cat-udobne-zenske-pajkice-milk-silk","9":"product_cat-poceni-pajkice","10":"product_cat-zenske-pajkice","11":"product_tag-pajkice","13":"first","14":"instock","15":"sale","16":"taxable","17":"shipping-taxable","18":"purchasable","19":"product-type-variable","20":"has-default-attributes"},"yoast_head":"<!-- This site is optimized with the Yoast SEO plugin v26.9 - https:\/\/yoast.com\/product\/yoast-seo-wordpress\/ -->\n<title>\u017denske pajkice MILK SILK - Barva \u010crna<\/title>\n<meta name=\"description\" content=\"Udobne in mehke pajkice primerne za vse prilo\u017enosti; visok ergonomski pas, primeren tudi za nose\u010dnice; izdelane iz neprosojne in antibakterijske tkanine;\" \/>\n<meta name=\"robots\" content=\"index, follow, max-snippet:-1, max-image-preview:large, max-video-preview:-1\" \/>\n<link rel=\"canonical\" href=\"https:\/\/lexa.si\/sl\/izdelek\/zenske-pajkice-leggings-milk-silk-crna\/\" \/>\n<meta property=\"og:locale\" content=\"sl_SI\" \/>\n<meta property=\"og:type\" content=\"article\" \/>\n<meta property=\"og:title\" content=\"\u017denske pajkice MILK SILK - Barva \u010crna\" \/>\n<meta property=\"og:description\" content=\"Udobne in mehke pajkice primerne za vse prilo\u017enosti; visok ergonomski pas, primeren tudi za nose\u010dnice; izdelane iz neprosojne in antibakterijske tkanine;\" \/>\n<meta property=\"og:url\" content=\"https:\/\/lexa.si\/sl\/izdelek\/zenske-pajkice-leggings-milk-silk-crna\/\" \/>\n<meta property=\"og:site_name\" content=\"LEXA\" \/>\n<meta property=\"article:publisher\" content=\"https:\/\/www.facebook.com\/LEXA1PLUS\" \/>\n<meta property=\"article:modified_time\" content=\"2026-03-29T12:24:56+00:00\" \/>\n<meta property=\"og:image\" content=\"https:\/\/lexa.si\/wp-content\/uploads\/2022\/11\/DSCF3110-1.jpg\" \/>\n\t<meta property=\"og:image:width\" content=\"800\" \/>\n\t<meta property=\"og:image:height\" content=\"1200\" \/>\n\t<meta property=\"og:image:type\" content=\"image\/jpeg\" \/>\n<meta name=\"twitter:card\" content=\"summary_large_image\" \/>\n<meta name=\"twitter:label1\" content=\"Est. reading time\" \/>\n\t<meta name=\"twitter:data1\" content=\"1 minuta\" \/>\n<script type=\"application\/ld+json\" class=\"yoast-schema-graph\">{\"@context\":\"https:\/\/schema.org\",\"@graph\":[{\"@type\":[\"WebPage\",\"ItemPage\"],\"@id\":\"https:\/\/lexa.si\/izdelek\/zenske-pajkice-leggings-milk-silk-crna\/\",\"url\":\"https:\/\/lexa.si\/izdelek\/zenske-pajkice-leggings-milk-silk-crna\/\",\"name\":\"\u017denske pajkice MILK SILK - Barva \u010crna\",\"isPartOf\":{\"@id\":\"https:\/\/lexa.si\/sl\/#website\"},\"primaryImageOfPage\":{\"@id\":\"https:\/\/lexa.si\/izdelek\/zenske-pajkice-leggings-milk-silk-crna\/#primaryimage\"},\"image\":{\"@id\":\"https:\/\/lexa.si\/izdelek\/zenske-pajkice-leggings-milk-silk-crna\/#primaryimage\"},\"thumbnailUrl\":\"https:\/\/lexa.si\/wp-content\/uploads\/2022\/11\/DSCF3110-1.jpg\",\"datePublished\":\"2022-11-21T17:06:38+00:00\",\"dateModified\":\"2026-03-29T12:24:56+00:00\",\"description\":\"Udobne in mehke pajkice primerne za vse prilo\u017enosti; visok ergonomski pas, primeren tudi za nose\u010dnice; izdelane iz neprosojne in antibakterijske tkanine;\",\"breadcrumb\":{\"@id\":\"https:\/\/lexa.si\/izdelek\/zenske-pajkice-leggings-milk-silk-crna\/#breadcrumb\"},\"inLanguage\":\"sl-SI\",\"potentialAction\":[{\"@type\":\"ReadAction\",\"target\":[\"https:\/\/lexa.si\/izdelek\/zenske-pajkice-leggings-milk-silk-crna\/\"]}]},{\"@type\":\"ImageObject\",\"inLanguage\":\"sl-SI\",\"@id\":\"https:\/\/lexa.si\/izdelek\/zenske-pajkice-leggings-milk-silk-crna\/#primaryimage\",\"url\":\"https:\/\/lexa.si\/wp-content\/uploads\/2022\/11\/DSCF3110-1.jpg\",\"contentUrl\":\"https:\/\/lexa.si\/wp-content\/uploads\/2022\/11\/DSCF3110-1.jpg\",\"width\":800,\"height\":1200,\"caption\":\"Udobne pajkiceMilk Silk \u010crna\"},{\"@type\":\"BreadcrumbList\",\"@id\":\"https:\/\/lexa.si\/izdelek\/zenske-pajkice-leggings-milk-silk-crna\/#breadcrumb\",\"itemListElement\":[{\"@type\":\"ListItem\",\"position\":1,\"name\":\"Home\",\"item\":\"https:\/\/lexa.si\/sl\/\"},{\"@type\":\"ListItem\",\"position\":2,\"name\":\"Shop\",\"item\":\"https:\/\/lexa.si\/shop\/\"},{\"@type\":\"ListItem\",\"position\":3,\"name\":\"Leggings MILK SILK \u010crna\"}]},{\"@type\":\"WebSite\",\"@id\":\"https:\/\/lexa.si\/sl\/#website\",\"url\":\"https:\/\/lexa.si\/sl\/\",\"name\":\"LEXA\",\"description\":\"Pajkice za vse prilo\u017enosti\",\"publisher\":{\"@id\":\"https:\/\/lexa.si\/sl\/#organization\"},\"potentialAction\":[{\"@type\":\"SearchAction\",\"target\":{\"@type\":\"EntryPoint\",\"urlTemplate\":\"https:\/\/lexa.si\/sl\/?s={search_term_string}\"},\"query-input\":{\"@type\":\"PropertyValueSpecification\",\"valueRequired\":true,\"valueName\":\"search_term_string\"}}],\"inLanguage\":\"sl-SI\"},{\"@type\":\"Organization\",\"@id\":\"https:\/\/lexa.si\/sl\/#organization\",\"name\":\"LEXA\",\"url\":\"https:\/\/lexa.si\/sl\/\",\"logo\":{\"@type\":\"ImageObject\",\"inLanguage\":\"sl-SI\",\"@id\":\"https:\/\/lexa.si\/sl\/#\/schema\/logo\/image\/\",\"url\":\"https:\/\/lexa.si\/wp-content\/uploads\/2022\/11\/LEXA-LOGO-2-scaled.png\",\"contentUrl\":\"https:\/\/lexa.si\/wp-content\/uploads\/2022\/11\/LEXA-LOGO-2-scaled.png\",\"width\":7964,\"height\":2926,\"caption\":\"LEXA\"},\"image\":{\"@id\":\"https:\/\/lexa.si\/sl\/#\/schema\/logo\/image\/\"},\"sameAs\":[\"https:\/\/www.facebook.com\/LEXA1PLUS\",\"https:\/\/www.instagram.com\/lexa1plus\/\",\"https:\/\/www.tiktok.com\/@lexa1plus\"]}]}<\/script>\n<!-- \/ Yoast SEO plugin. -->","yoast_head_json":{"title":"\u017denske pajkice MILK SILK - Barva \u010crna","description":"Udobne in mehke pajkice primerne za vse prilo\u017enosti; visok ergonomski pas, primeren tudi za nose\u010dnice; izdelane iz neprosojne in antibakterijske tkanine;","robots":{"index":"index","follow":"follow","max-snippet":"max-snippet:-1","max-image-preview":"max-image-preview:large","max-video-preview":"max-video-preview:-1"},"canonical":"https:\/\/lexa.si\/sl\/izdelek\/zenske-pajkice-leggings-milk-silk-crna\/","og_locale":"sl_SI","og_type":"article","og_title":"\u017denske pajkice MILK SILK - Barva \u010crna","og_description":"Udobne in mehke pajkice primerne za vse prilo\u017enosti; visok ergonomski pas, primeren tudi za nose\u010dnice; izdelane iz neprosojne in antibakterijske tkanine;","og_url":"https:\/\/lexa.si\/sl\/izdelek\/zenske-pajkice-leggings-milk-silk-crna\/","og_site_name":"LEXA","article_publisher":"https:\/\/www.facebook.com\/LEXA1PLUS","article_modified_time":"2026-03-29T12:24:56+00:00","og_image":[{"width":800,"height":1200,"url":"https:\/\/lexa.si\/wp-content\/uploads\/2022\/11\/DSCF3110-1.jpg","type":"image\/jpeg"}],"twitter_card":"summary_large_image","twitter_misc":{"Est. reading time":"1 minuta"},"schema":{"@context":"https:\/\/schema.org","@graph":[{"@type":["WebPage","ItemPage"],"@id":"https:\/\/lexa.si\/izdelek\/zenske-pajkice-leggings-milk-silk-crna\/","url":"https:\/\/lexa.si\/izdelek\/zenske-pajkice-leggings-milk-silk-crna\/","name":"\u017denske pajkice MILK SILK - Barva \u010crna","isPartOf":{"@id":"https:\/\/lexa.si\/sl\/#website"},"primaryImageOfPage":{"@id":"https:\/\/lexa.si\/izdelek\/zenske-pajkice-leggings-milk-silk-crna\/#primaryimage"},"image":{"@id":"https:\/\/lexa.si\/izdelek\/zenske-pajkice-leggings-milk-silk-crna\/#primaryimage"},"thumbnailUrl":"https:\/\/lexa.si\/wp-content\/uploads\/2022\/11\/DSCF3110-1.jpg","datePublished":"2022-11-21T17:06:38+00:00","dateModified":"2026-03-29T12:24:56+00:00","description":"Udobne in mehke pajkice primerne za vse prilo\u017enosti; visok ergonomski pas, primeren tudi za nose\u010dnice; izdelane iz neprosojne in antibakterijske tkanine;","breadcrumb":{"@id":"https:\/\/lexa.si\/izdelek\/zenske-pajkice-leggings-milk-silk-crna\/#breadcrumb"},"inLanguage":"sl-SI","potentialAction":[{"@type":"ReadAction","target":["https:\/\/lexa.si\/izdelek\/zenske-pajkice-leggings-milk-silk-crna\/"]}]},{"@type":"ImageObject","inLanguage":"sl-SI","@id":"https:\/\/lexa.si\/izdelek\/zenske-pajkice-leggings-milk-silk-crna\/#primaryimage","url":"https:\/\/lexa.si\/wp-content\/uploads\/2022\/11\/DSCF3110-1.jpg","contentUrl":"https:\/\/lexa.si\/wp-content\/uploads\/2022\/11\/DSCF3110-1.jpg","width":800,"height":1200,"caption":"Udobne pajkiceMilk Silk \u010crna"},{"@type":"BreadcrumbList","@id":"https:\/\/lexa.si\/izdelek\/zenske-pajkice-leggings-milk-silk-crna\/#breadcrumb","itemListElement":[{"@type":"ListItem","position":1,"name":"Home","item":"https:\/\/lexa.si\/sl\/"},{"@type":"ListItem","position":2,"name":"Shop","item":"https:\/\/lexa.si\/shop\/"},{"@type":"ListItem","position":3,"name":"Leggings MILK SILK \u010crna"}]},{"@type":"WebSite","@id":"https:\/\/lexa.si\/sl\/#website","url":"https:\/\/lexa.si\/sl\/","name":"LEXA","description":"Pajkice za vse prilo\u017enosti","publisher":{"@id":"https:\/\/lexa.si\/sl\/#organization"},"potentialAction":[{"@type":"SearchAction","target":{"@type":"EntryPoint","urlTemplate":"https:\/\/lexa.si\/sl\/?s={search_term_string}"},"query-input":{"@type":"PropertyValueSpecification","valueRequired":true,"valueName":"search_term_string"}}],"inLanguage":"sl-SI"},{"@type":"Organization","@id":"https:\/\/lexa.si\/sl\/#organization","name":"LEXA","url":"https:\/\/lexa.si\/sl\/","logo":{"@type":"ImageObject","inLanguage":"sl-SI","@id":"https:\/\/lexa.si\/sl\/#\/schema\/logo\/image\/","url":"https:\/\/lexa.si\/wp-content\/uploads\/2022\/11\/LEXA-LOGO-2-scaled.png","contentUrl":"https:\/\/lexa.si\/wp-content\/uploads\/2022\/11\/LEXA-LOGO-2-scaled.png","width":7964,"height":2926,"caption":"LEXA"},"image":{"@id":"https:\/\/lexa.si\/sl\/#\/schema\/logo\/image\/"},"sameAs":["https:\/\/www.facebook.com\/LEXA1PLUS","https:\/\/www.instagram.com\/lexa1plus\/","https:\/\/www.tiktok.com\/@lexa1plus"]}]}},"jetpack_sharing_enabled":true,"_links":{"self":[{"href":"https:\/\/lexa.si\/sl\/wp-json\/wp\/v2\/product\/12990","targetHints":{"allow":["GET"]}}],"collection":[{"href":"https:\/\/lexa.si\/sl\/wp-json\/wp\/v2\/product"}],"about":[{"href":"https:\/\/lexa.si\/sl\/wp-json\/wp\/v2\/types\/product"}],"replies":[{"embeddable":true,"href":"https:\/\/lexa.si\/sl\/wp-json\/wp\/v2\/comments?post=12990"}],"version-history":[{"count":2,"href":"https:\/\/lexa.si\/sl\/wp-json\/wp\/v2\/product\/12990\/revisions"}],"predecessor-version":[{"id":15227,"href":"https:\/\/lexa.si\/sl\/wp-json\/wp\/v2\/product\/12990\/revisions\/15227"}],"wp:featuredmedia":[{"embeddable":true,"href":"https:\/\/lexa.si\/sl\/wp-json\/wp\/v2\/media\/15035"}],"wp:attachment":[{"href":"https:\/\/lexa.si\/sl\/wp-json\/wp\/v2\/media?parent=12990"}],"wp:term":[{"taxonomy":"product_brand","embeddable":true,"href":"https:\/\/lexa.si\/sl\/wp-json\/wp\/v2\/product_brand?post=12990"},{"taxonomy":"product_cat","embeddable":true,"href":"https:\/\/lexa.si\/sl\/wp-json\/wp\/v2\/product_cat?post=12990"},{"taxonomy":"product_tag","embeddable":true,"href":"https:\/\/lexa.si\/sl\/wp-json\/wp\/v2\/product_tag?post=12990"}],"curies":[{"name":"delovni list","href":"https:\/\/api.w.org\/{rel}","templated":true}]}}